{"id":225,"date":"2015-02-12T21:38:40","date_gmt":"2015-02-12T20:38:40","guid":{"rendered":"http:\/\/www.adjip-asso.fr\/msite\/?page_id=225"},"modified":"2015-05-15T09:46:44","modified_gmt":"2015-05-15T07:46:44","slug":"adhesion-rapide","status":"publish","type":"page","link":"https:\/\/adjip-asso.fr\/msite\/?page_id=225","title":{"rendered":"Adh\u00e9sion Rapide"},"content":{"rendered":"<p>Vous trouverez ci-dessous un formulaire d&#8217;adh\u00e9sion rapide. L&#8217;\u00e9quipe charg\u00e9e de l&#8217;adh\u00e9sion vous contactera dans les plus brefs d\u00e9lais.<\/p>\n<p>Merci d&#8217;avance et \u00e0 bient\u00f4t.<\/p>\n<p>&nbsp;<\/p>\n\n<div class=\"wpcf7 no-js\" id=\"wpcf7-f223-o1\" lang=\"fr-FR\" dir=\"ltr\">\n<div class=\"screen-reader-response\"><p role=\"status\" aria-live=\"polite\" aria-atomic=\"true\"><\/p> <ul><\/ul><\/div>\n<form action=\"\/msite\/index.php?rest_route=%2Fwp%2Fv2%2Fpages%2F225#wpcf7-f223-o1\" method=\"post\" class=\"wpcf7-form init\" aria-label=\"Formulaire de contact\" novalidate=\"novalidate\" data-status=\"init\">\n<div style=\"display: none;\">\n<input type=\"hidden\" name=\"_wpcf7\" value=\"223\" \/>\n<input type=\"hidden\" name=\"_wpcf7_version\" value=\"5.7.4\" \/>\n<input type=\"hidden\" name=\"_wpcf7_locale\" value=\"fr_FR\" \/>\n<input type=\"hidden\" name=\"_wpcf7_unit_tag\" value=\"wpcf7-f223-o1\" \/>\n<input type=\"hidden\" name=\"_wpcf7_container_post\" value=\"0\" \/>\n<input type=\"hidden\" name=\"_wpcf7_posted_data_hash\" value=\"\" \/>\n<input type=\"hidden\" name=\"_wpcf7_recaptcha_response\" value=\"\" \/>\n<\/div>\n<p>Votre nom et pr\u00e9nom: (obligatoire)\n<\/p>\n<p><span class=\"wpcf7-form-control-wrap\" data-name=\"adherent-name\"><input size=\"40\" class=\"wpcf7-form-control wpcf7-text wpcf7-validates-as-required adhesion-rapide\" aria-required=\"true\" aria-invalid=\"false\" value=\"\" type=\"text\" name=\"adherent-name\" \/><\/span>\n<\/p>\n<p>Email: (obligatoire)\n<\/p>\n<p><span class=\"wpcf7-form-control-wrap\" data-name=\"adherent-email\"><input size=\"40\" class=\"wpcf7-form-control wpcf7-text wpcf7-email wpcf7-validates-as-required wpcf7-validates-as-email adhesion-rapide\" aria-required=\"true\" aria-invalid=\"false\" placeholder=\"monemail@quiestunemail.com\" value=\"\" type=\"email\" name=\"adherent-email\" \/><\/span>\n<\/p>\n<p>Num\u00e9ro de T\u00e9l\u00e9phone: (obligatoire)\n<\/p>\n<p><span class=\"wpcf7-form-control-wrap\" data-name=\"adherent-tel-number\"><input size=\"40\" maxlength=\"14\" class=\"wpcf7-form-control wpcf7-text wpcf7-tel wpcf7-validates-as-required wpcf7-validates-as-tel adhesion-rapide\" aria-required=\"true\" aria-invalid=\"false\" placeholder=\"06.07.01.02.03\" value=\"\" type=\"tel\" name=\"adherent-tel-number\" \/><\/span>\n<\/p>\n<p>Adresse:\n<\/p>\n<p><span class=\"wpcf7-form-control-wrap\" data-name=\"adherent-adresse\"><textarea cols=\"40\" rows=\"10\" class=\"wpcf7-form-control wpcf7-textarea adhesion-rapide\" aria-invalid=\"false\" name=\"adherent-adresse\"><\/textarea><\/span>\n<\/p>\n<p class=\"chkbox-adhesion-rapide\"> Veuillez cocher les cases ci-dessous: (obligatoire)<br \/>\n<span class=\"wpcf7-form-control-wrap\" data-name=\"chkbox-statuts\"><span class=\"wpcf7-form-control wpcf7-checkbox wpcf7-validates-as-required adhesion-rapide\"><span class=\"wpcf7-list-item first last\"><input type=\"checkbox\" name=\"chkbox-statuts[]\" value=\"Je d\u00e9clare avoir pris connaissance des statuts de l&#039;association.\" \/><span class=\"wpcf7-list-item-label\">Je d\u00e9clare avoir pris connaissance des statuts de l&#039;association.<\/span><\/span><\/span><\/span><br \/>\n<span class=\"wpcf7-form-control-wrap\" data-name=\"chkbox-fellowmembers\"><span class=\"wpcf7-form-control wpcf7-checkbox wpcf7-validates-as-required adhesion-rapide\"><span class=\"wpcf7-list-item first last\"><input type=\"checkbox\" name=\"chkbox-fellowmembers[]\" value=\"Je m&#039;engage \u00e0 respecter toutes les obligations des membres de l&#039;association qui y figurent.\" \/><span class=\"wpcf7-list-item-label\">Je m&#039;engage \u00e0 respecter toutes les obligations des membres de l&#039;association qui y figurent.<\/span><\/span><\/span><\/span>\n<\/p>\n<p class=\"adhesion-rapide\"><em>Le montant de la cotisation annuelle est fix\u00e9 \u00e0 <u>60\u20ac<\/u><\/em>.\n<\/p>\n<p><input class=\"wpcf7-form-control has-spinner wpcf7-submit adhesion-rapide\" id=\"send-adhesion-rapide\" type=\"submit\" value=\"J&#039;adh\u00e8re\" \/>\n<\/p><div class=\"wpcf7-response-output\" aria-hidden=\"true\"><\/div>\n<\/form>\n<\/div>\n\n","protected":false},"excerpt":{"rendered":"<p>Vous trouverez ci-dessous un formulaire d&#8217;adh\u00e9sion rapide. L&#8217;\u00e9quipe charg\u00e9e de l&#8217;adh\u00e9sion vous contactera dans les plus brefs d\u00e9lais. Merci d&#8217;avance et \u00e0 bient\u00f4t. &nbsp;<\/p>\n","protected":false},"author":1,"featured_media":0,"parent":0,"menu_order":0,"comment_status":"closed","ping_status":"closed","template":"","meta":[],"_links":{"self":[{"href":"https:\/\/adjip-asso.fr\/msite\/index.php?rest_route=\/wp\/v2\/pages\/225"}],"collection":[{"href":"https:\/\/adjip-asso.fr\/msite\/index.php?rest_route=\/wp\/v2\/pages"}],"about":[{"href":"https:\/\/adjip-asso.fr\/msite\/index.php?rest_route=\/wp\/v2\/types\/page"}],"author":[{"embeddable":true,"href":"https:\/\/adjip-asso.fr\/msite\/index.php?rest_route=\/wp\/v2\/users\/1"}],"replies":[{"embeddable":true,"href":"https:\/\/adjip-asso.fr\/msite\/index.php?rest_route=%2Fwp%2Fv2%2Fcomments&post=225"}],"version-history":[{"count":5,"href":"https:\/\/adjip-asso.fr\/msite\/index.php?rest_route=\/wp\/v2\/pages\/225\/revisions"}],"predecessor-version":[{"id":434,"href":"https:\/\/adjip-asso.fr\/msite\/index.php?rest_route=\/wp\/v2\/pages\/225\/revisions\/434"}],"wp:attachment":[{"href":"https:\/\/adjip-asso.fr\/msite\/index.php?rest_route=%2Fwp%2Fv2%2Fmedia&parent=225"}],"curies":[{"name":"wp","href":"https:\/\/api.w.org\/{rel}","templated":true}]}}