{"id":264,"date":"2015-05-14T23:04:04","date_gmt":"2015-05-14T21:04:04","guid":{"rendered":"http:\/\/www.adjip-asso.fr\/msite\/?page_id=264"},"modified":"2019-04-24T20:43:44","modified_gmt":"2019-04-24T18:43:44","slug":"nos-statuts","status":"publish","type":"page","link":"https:\/\/adjip-asso.fr\/msite\/?page_id=264","title":{"rendered":"Nos Statuts"},"content":{"rendered":"<p>Date de d\u00e9claration : 11 Mai 1948<br \/>\nDate de modification des statuts : 26 Janvier 2019<\/p>\n<hr \/>\n<p class=\"western\"><strong><span style=\"font-family: Arial, sans-serif;\"><span style=\"font-size: small;\"><u>ARTICLE 1\u00a0: Cr\u00e9ation-Nom-Si\u00e8ge-Dur\u00e9e<\/u><\/span><\/span><\/strong><\/p>\n<p class=\"western\"><span style=\"font-family: Arial, sans-serif;\"><span style=\"font-size: small;\"><b>Cr\u00e9ation : <\/b><\/span><\/span><span style=\"color: #000000; font-family: Arial, sans-serif; font-size: small;\">En 1948 a \u00e9t\u00e9 fond\u00e9e entre les adh\u00e9rents aux pr\u00e9sents statuts, et ceux qui y adh\u00e9reront ult\u00e9rieurement, une association r\u00e9gie par la loi du 1<\/span><span style=\"color: #000000;\"><sup><span style=\"font-family: Arial, sans-serif;\"><span style=\"font-size: small;\">er<\/span><\/span><\/sup><\/span><span style=\"color: #000000;\"><span style=\"font-family: Arial, sans-serif;\"><span style=\"font-size: small;\">\u00a0juillet 1901 et le d\u00e9cret du 16 ao\u00fbt 1901.<\/span><\/span><\/span><\/p>\n<p class=\"western\"><span style=\"color: #000000;\"><span style=\"font-family: Arial, sans-serif;\"><span style=\"font-size: small;\"><b>Nom\u00a0<\/b><\/span><\/span><\/span><span style=\"color: #000000;\"><span style=\"font-family: Arial, sans-serif;\"><span style=\"font-size: small;\">:\u00a0<\/span><\/span><\/span><span style=\"color: #000000;\"><span style=\"font-family: Arial, sans-serif;\"><span style=\"font-size: small;\">L&#8217;association prend la d\u00e9nomination suivante : <\/span><\/span><\/span><span style=\"color: #000000;\"><span style=\"font-family: Arial, sans-serif;\"><span style=\"font-size: small;\"><i><b>\u00ab\u00a0ASSOCIATION DES DJIBOUTIENS DE PROVENCE\u00a0\u00bb.<br \/>\n<\/b><\/i><\/span><\/span><\/span><span style=\"color: #000000;\"><span style=\"font-family: Arial, sans-serif;\"><span style=\"font-size: small;\">Elle pourra \u00eatre d\u00e9sign\u00e9e par le sigle : \u00ab\u00a0<\/span><\/span><\/span><span style=\"color: #000000;\"><span style=\"font-family: Arial, sans-serif;\"><span style=\"font-size: small;\"><i><b>ADjiP\u00a0\u00bb<\/b><\/i><\/span><\/span><\/span><\/p>\n<p class=\"western\"><span style=\"color: #000000;\"><span style=\"font-family: Arial, sans-serif;\"><span style=\"font-size: small;\"><b>Si\u00e8ge <\/b><\/span><\/span><\/span><span style=\"color: #000000;\"><span style=\"font-family: Arial, sans-serif;\"><span style=\"font-size: small;\">: <\/span><\/span><\/span><span style=\"color: #000000;\"><span style=\"font-family: Arial, sans-serif;\"><span style=\"font-size: small;\">Le si\u00e8ge social de l&#8217;association est fix\u00e9 \u00e0\u00a0: <\/span><\/span><\/span><span style=\"color: #000000;\"><span style=\"font-family: Arial, sans-serif;\"><span style=\"font-size: small;\"><i><b>La Cit\u00e9 des Associations au 93 La Canebi\u00e8re 13001 Marseille.<\/b><\/i><\/span><\/span><\/span><\/p>\n<p class=\"western\"><span style=\"font-family: Arial, sans-serif;\"><span style=\"font-size: small;\"><i><b>Dur\u00e9e :\u00a0<\/b><\/i><\/span><\/span><span style=\"font-family: Arial, sans-serif;\"><span style=\"font-size: small;\">La dur\u00e9e de l&#8217;association est illimit\u00e9e<\/span><\/span><\/p>\n<p class=\"western\"><strong><span style=\"font-family: Arial, sans-serif;\"><span style=\"font-size: small;\"><u>ARTICLE 2\u00a0: Objet et Moyens<\/u><\/span><\/span><\/strong><\/p>\n<p class=\"western\"><span style=\"font-family: Arial, sans-serif;\"><span style=\"font-size: small;\"><b>L\u2019objet\u00a0:<\/b><\/span><\/span><\/p>\n<ul>\n<li><span style=\"font-family: Arial, sans-serif;\"><span style=\"font-size: small;\">de d\u00e9fendre les int\u00e9r\u00eats des membres de sa communaut\u00e9 dans les difficult\u00e9s qu\u2019ils peuvent rencontrer au quotidien.<\/span><\/span><\/li>\n<li><span style=\"font-family: Arial, sans-serif;\"><span style=\"font-size: small;\">de permettre aux familles djiboutiennes de se rencontrer, de s\u2019organiser, de s\u2019informer et de s\u2019entraider.<\/span><\/span><\/li>\n<li><span style=\"font-family: Arial, sans-serif;\"><span style=\"font-size: small;\">de promouvoir la solidarit\u00e9 sous toutes ses formes.<\/span><\/span><\/li>\n<li><span style=\"font-family: Arial, sans-serif;\"><span style=\"font-size: small;\">d\u2019organiser et de soutenir des actions sociales et \/ ou humanitaires et\/ou culturelles.<\/span><\/span><\/li>\n<\/ul>\n<p class=\"western\"><span style=\"font-family: Arial, sans-serif;\"><span style=\"font-size: small;\"><b>Les moyens :<\/b><\/span><\/span><\/p>\n<ul>\n<li><span style=\"color: #000000;\"><span style=\"font-family: Arial, sans-serif;\"><span style=\"font-size: small;\">la diffusion des informations par l\u2019interm\u00e9diaire du site internet ou du compte officiel sur Facebook.<\/span><\/span><\/span><\/li>\n<li><span style=\"font-family: Arial, sans-serif;\"><span style=\"font-size: small;\">l&#8217;organisation de rencontres et de groupes d\u2019\u00e9changes sur des sujets d\u2019actualit\u00e9. <\/span><\/span><\/li>\n<li><span style=\"font-family: Arial, sans-serif;\"><span style=\"font-size: small;\">l\u2019action aupr\u00e8s d\u2019\u00e9tablissement et notamment aupr\u00e8s de l\u2019ambassade de Djibouti \u00e0 Paris dans la d\u00e9fense des int\u00e9r\u00eats de membres de sa communaut\u00e9.<\/span><\/span><\/li>\n<\/ul>\n<p class=\"western\"><span style=\"color: #000000;\"><span style=\"font-family: Arial, sans-serif;\"><span style=\"font-size: small;\">L\u2019association n\u2019a aucun but politique, toute pol\u00e9mique \u00e0 ce sujet cr\u00e9\u00e9 par un des membres entra\u00eene son exclusion de l\u2019association.<\/span><\/span><\/span><\/p>\n<p class=\"western\"><strong><span style=\"font-family: Arial, sans-serif;\"><span style=\"font-size: small;\"><u>ARTICLE 3 : Composition de l&#8217;association \u2013 Admission<\/u><\/span><\/span><\/strong><\/p>\n<p class=\"western\"><span style=\"color: #000000;\"><span style=\"font-family: Arial, sans-serif;\"><span style=\"font-size: small;\"><b>composition :<\/b><\/span><\/span><\/span><\/p>\n<ul>\n<li><span style=\"font-family: Arial, sans-serif;\"><span style=\"font-size: small;\">des membres actifs ;<\/span><\/span><\/li>\n<li><span style=\"font-family: Arial, sans-serif;\"><span style=\"font-size: small;\">des membres sympathisants.<\/span><\/span><\/li>\n<\/ul>\n<p class=\"western\"><span style=\"font-family: Arial, sans-serif; font-size: small;\"><b>Admission<\/b><\/span><span style=\"font-family: Arial, sans-serif;\"><span style=\"font-size: small;\"><b>\u00a0:<\/b><\/span><\/span><\/p>\n<ul>\n<li><span style=\"font-family: Arial, sans-serif;\"><span style=\"font-size: small;\">se faire conna\u00eetre aupr\u00e8s d\u2019un des membres de l\u2019association,<\/span><\/span><\/li>\n<li><span style=\"font-family: Arial, sans-serif;\"><span style=\"font-size: small;\">accepter int\u00e9gralement les statuts de l\u2019association,<\/span><\/span><\/li>\n<li><span style=\"font-family: Arial, sans-serif;\"><span style=\"font-size: small;\">\u00eatre accept\u00e9 par la majorit\u00e9 des membres actifs de l\u2019association qui, en cas de refus, n&#8217;aura pas \u00e0 en faire conna\u00eetre les raisons,<\/span><\/span><\/li>\n<li><span style=\"font-family: Arial, sans-serif;\"><span style=\"font-size: small;\">s&#8217;engager \u00e0 participer aux activit\u00e9s,<\/span><\/span><\/li>\n<li><span style=\"font-family: Arial, sans-serif;\"><span style=\"font-size: small;\">s\u2019acquitter d\u2019une cotisation annuelle de 60 euros.<\/span><\/span><\/li>\n<\/ul>\n<p class=\"western\"><span style=\"font-family: Arial, sans-serif;\"><span style=\"font-size: small;\">Seuls les membres adh\u00e9rents ont le droit de participer aux r\u00e9unions de l\u2019association et de voter aux assembl\u00e9es g\u00e9n\u00e9rales.<\/span><\/span><\/p>\n<p class=\"western\"><strong><span style=\"font-family: Arial, sans-serif;\"><span style=\"font-size: small;\"><u>ARTICLE 4 : Perte de la qualit\u00e9 de membre ou exclusion<\/u><\/span><\/span><\/strong><\/p>\n<p class=\"western\"><span style=\"font-family: Arial, sans-serif;\"><span style=\"font-size: small;\">La qualit\u00e9 de membre se perd :<\/span><\/span><\/p>\n<ul>\n<li><span style=\"font-family: Arial, sans-serif;\"><span style=\"font-size: small;\">par d\u00e9mission \u00e9crite,<\/span><\/span><\/li>\n<li><span style=\"font-family: Arial, sans-serif;\"><span style=\"font-size: small;\">par d\u00e9c\u00e8s,<\/span><\/span><\/li>\n<li><span style=\"font-family: Arial, sans-serif;\"><span style=\"font-size: small;\">par exclusion prononc\u00e9e par la majorit\u00e9 des membres actifs pour les motifs suivants :<\/span><\/span>\n<ul>\n<li><span style=\"font-family: Arial, sans-serif;\"><span style=\"font-size: small;\">non-paiement de la cotisation 1 an apr\u00e8s l\u2019\u00e9ch\u00e9ance de celle-ci.<\/span><\/span><\/li>\n<li>\n<p class=\"western\"><span style=\"font-family: Arial, sans-serif;\"><span style=\"font-size: small;\">tout autre motif grave laiss\u00e9 \u00e0 l&#8217;appr\u00e9ciation de la majorit\u00e9 des membres actifs de l\u2019association et notamment par un comportement discriminatoire ou par la cr\u00e9ation d\u2019une pol\u00e9mique politicienne ou tribalisme.<\/span><\/span><\/p>\n<\/li>\n<\/ul>\n<\/li>\n<\/ul>\n<p class=\"western\"><strong><span style=\"font-family: Arial, sans-serif;\"><span style=\"font-size: small;\"><u>ARTICLE 5 : Administration<\/u><\/span><\/span><\/strong><\/p>\n<p class=\"western\"><span style=\"color: #000000;\"><span style=\"font-family: Arial, sans-serif;\"><span style=\"font-size: small;\">Le conseil d&#8217;administration choisit parmi ses membres un bureau compos\u00e9 d\u2019un comit\u00e9 ex\u00e9cutif et d\u2019un comit\u00e9 de personnes actives <\/span><\/span><\/span><span style=\"color: #000000;\"><span style=\"font-family: Arial, sans-serif;\"><span style=\"font-size: small;\"><i><b>:<\/b><\/i><\/span><\/span><\/span><\/p>\n<ul>\n<li><span style=\"font-family: Arial, sans-serif;\"><span style=\"font-size: small;\">un(e) Pr\u00e9sident(e).<\/span><\/span><\/li>\n<li><span style=\"font-family: Arial, sans-serif;\"><span style=\"font-size: small;\">un(e) Secr\u00e9taire g\u00e9n\u00e9ral(e) et Charg\u00e9(e) de communication.<\/span><\/span><\/li>\n<li><span style=\"color: #000000;\"><span style=\"font-family: Arial, sans-serif;\"><span style=\"font-size: small;\">un(e) Tr\u00e9sorier <\/span><\/span><\/span><span style=\"color: #000000;\"><span style=\"font-family: Arial, sans-serif;\"><span style=\"font-size: small;\">et, si besoin est, <\/span><\/span><\/span><span style=\"color: #000000;\"><span style=\"font-family: Arial, sans-serif;\"><span style=\"font-size: small;\">un(e) Tr\u00e9sorier(e) Adjoint.<\/span><\/span><\/span><\/li>\n<li><span style=\"font-family: Arial, sans-serif;\"><span style=\"font-size: small;\">plusieurs membres actifs.<\/span><\/span><\/li>\n<\/ul>\n<p class=\"western\"><span style=\"font-family: Arial, sans-serif;\"><span style=\"font-size: small;\"><u><b>Le bureau est \u00e9lu pour 3 ans et peut \u00eatre reconduit.<\/b><\/u><\/span><\/span><\/p>\n<p class=\"western\"><span style=\"color: #000000;\"><span style=\"font-family: Arial, sans-serif;\"><span style=\"font-size: small;\">Tous les membres du bureau sont r\u00e9\u00e9ligibles ind\u00e9finiment, \u00e0 l\u2019exception du pr\u00e9sident de l\u2019association qui ne peut exercer que <\/span><\/span><\/span><span style=\"color: #000000;\"><span style=\"font-family: Arial, sans-serif;\"><span style=\"font-size: small;\"><u><b>2 mandats cons\u00e9cutifs.<\/b><\/u><\/span><\/span><\/span><\/p>\n<p class=\"western\"><strong><span style=\"font-family: Arial, sans-serif;\"><span style=\"font-size: small;\"><u>ARTICLE 6 : R\u00e9union du Conseil d&#8217;Administration<\/u><\/span><\/span><\/strong><\/p>\n<p class=\"western\"><span style=\"font-family: Arial, sans-serif;\"><span style=\"font-size: small;\">Le conseil d&#8217;administration se r\u00e9unit sur convocation du Pr\u00e9sident, sur la demande de la moiti\u00e9 de ses membres, aussi souvent que l&#8217;exige l&#8217;int\u00e9r\u00eat de l&#8217;association et au moins deux fois par an.\u00a0 <\/span><\/span><span style=\"font-family: Arial, sans-serif;\"><span style=\"font-size: small;\">La pr\u00e9sence de la moiti\u00e9 des membres du conseil d&#8217;administration est n\u00e9cessaire pour la validit\u00e9 des d\u00e9lib\u00e9rations.\u00a0<\/span><\/span><span style=\"font-family: Arial, sans-serif;\"><span style=\"font-size: small;\">Si le quorum n&#8217;est pas atteint lors de la r\u00e9union du conseil d&#8217;administration, ce dernier sera convoqu\u00e9 \u00e0 nouveau \u00e0 quinze jours d&#8217;intervalle, et il pourra valablement d\u00e9lib\u00e9rer, quel que soit le nombre de membres pr\u00e9sents.\u00a0<\/span><\/span><span style=\"font-family: Arial, sans-serif;\"><span style=\"font-size: small;\">Les d\u00e9cisions sont prises \u00e0 la majorit\u00e9 absolue des suffrages exprim\u00e9s : les abstentions ne sont pas retenues pour le calcul de la majorit\u00e9.<\/span><\/span><\/p>\n<p class=\"western\"><span style=\"font-family: Arial, sans-serif;\"><span style=\"font-size: small;\">En cas de partage, la voix du Pr\u00e9sident est pr\u00e9pond\u00e9rante.<\/span><\/span><\/p>\n<p class=\"western\"><span style=\"color: #000000; font-family: Arial, sans-serif; font-size: small;\">Le Secr\u00e9taire est tenu de r\u00e9diger les proc\u00e8s-verbaux des s\u00e9ances. Ils doivent \u00e9galement \u00eatre sign\u00e9s par le Pr\u00e9sident et mis \u00e0 disposition des adh\u00e9rents par le biais du site internet de l\u2019association ainsi que par m\u00e9l pour ceux et celles int\u00e9ress\u00e9s. Ils sont transcrits sur un registre cot\u00e9 et paraph\u00e9 par le Pr\u00e9sident.<\/span><\/p>\n<p class=\"western\"><strong><span style=\"font-family: Arial, sans-serif;\"><span style=\"font-size: small;\"><u>ARTICLE 7 : Pouvoir du Conseil d\u2019Administration<\/u><\/span><\/span><\/strong><\/p>\n<p class=\"western\"><span style=\"font-family: Arial, sans-serif;\"><span style=\"font-size: small;\">Le conseil d&#8217;administration est investi des pouvoirs les plus \u00e9tendus pour faire ou autoriser tous les actes ou op\u00e9rations dans la limite de son objet et qui ne sont pas du ressort de l&#8217;assembl\u00e9e g\u00e9n\u00e9rale. <\/span><\/span><span style=\"font-family: Arial, sans-serif;\"><span style=\"font-size: small;\">Il autorise le pr\u00e9sident \u00e0 agir en justice.\u00a0<\/span><\/span><span style=\"font-family: Arial, sans-serif;\"><span style=\"font-size: small;\">Il surveille la gestion des membres du bureau et a le droit de regard sur leurs actes.<\/span><\/span><\/p>\n<p class=\"western\"><span style=\"font-family: Arial, sans-serif;\"><span style=\"font-size: small;\">Il arr\u00eate le budget et les comptes annuels de l&#8217;association.\u00a0<\/span><\/span><span style=\"font-family: Arial, sans-serif;\"><span style=\"font-size: small;\">Cette \u00e9num\u00e9ration n&#8217;est pas limitative.<\/span><\/span><\/p>\n<p class=\"western\"><strong><span style=\"font-family: Arial, sans-serif;\"><span style=\"font-size: small;\"><u>ARTICLE 8 : R\u00f4le des membres du bureau d\u2019administration<\/u><\/span><\/span><\/strong><\/p>\n<p class=\"western\"><span style=\"font-family: Arial, sans-serif;\"><span style=\"font-size: small;\"><b>Pr\u00e9sident :\u00a0<\/b><\/span><\/span><span style=\"font-family: Arial, sans-serif;\"><span style=\"font-size: small;\">Le Pr\u00e9sident convoque les assembl\u00e9es g\u00e9n\u00e9rales et les r\u00e9unions du conseil d&#8217;administration. Il repr\u00e9sente l&#8217;association dans tous les actes de la vie civile et est investi de tous les pouvoirs \u00e0 cet effet. Il peut d\u00e9l\u00e9guer certaines de ses attributions. <\/span><\/span><span style=\"color: #000000;\"><span style=\"font-family: Arial, sans-serif;\"><span style=\"font-size: small;\">Il a notamment qualit\u00e9 pour ester en justice au nom de l&#8217;association, tant en demande qu&#8217;en d\u00e9fense. En cas d&#8217;absence ou de maladie. <\/span><\/span><\/span><span style=\"color: #000000;\"><span style=\"font-family: Arial, sans-serif;\"><span style=\"font-size: small;\">Il est remplac\u00e9 par le secr\u00e9taire g\u00e9n\u00e9ral.<\/span><\/span><\/span><\/p>\n<p class=\"western\"><span style=\"font-family: Arial, sans-serif;\"><span style=\"font-size: small;\"><b>Secr\u00e9taire G\u00e9n\u00e9ral et Charg\u00e9 de Communication :\u00a0<\/b><\/span><\/span><span style=\"color: #000000;\"><span style=\"font-family: Arial, sans-serif;\"><span style=\"font-size: small;\">Le Secr\u00e9taire G\u00e9n\u00e9ral et charg\u00e9 de communication est charg\u00e9 de tout ce qui concerne la correspondance et les archives\u00a0; il tient \u00e0 jour la liste des adh\u00e9rents, le site internet, ainsi que les autres moyens de communication.<\/span><\/span><\/span><b> <\/b><span style=\"color: #000000;\"><span style=\"font-family: Arial, sans-serif;\"><span style=\"font-size: small;\">Il r\u00e9dige les proc\u00e8s-verbaux des d\u00e9lib\u00e9rations, sans blanc ni rature et fait signer par le Pr\u00e9sident. Il peut d\u00e9livrer toutes copies certifi\u00e9es conformes qui font foi vis-\u00e0-vis des tiers.<\/span><\/span><\/span><\/p>\n<p class=\"western\"><span style=\"font-family: Arial, sans-serif;\"><span style=\"font-size: small;\"><b>Tr\u00e9sorier : <\/b><\/span><\/span><span style=\"color: #000000;\"><span style=\"font-family: Arial, sans-serif;\"><span style=\"font-size: small;\">Le Tr\u00e9sorier est charg\u00e9 de tout ce qui concerne la gestion financi\u00e8re de l&#8217;association. Il effectue tous les paiements, r\u00e9colte les cotisations et per\u00e7oit toutes les recettes sous la surveillance du Pr\u00e9sident. Il tient une comptabilit\u00e9 r\u00e9guli\u00e8re de toutes les op\u00e9rations et en rend compte \u00e0 l&#8217;assembl\u00e9e annuelle, qui statue sur la gestion.<\/span><\/span><\/span><\/p>\n<p class=\"western\"><span style=\"font-family: Arial, sans-serif;\"><span style=\"font-size: small;\"><b>Tr\u00e9sorier Adjoint : <\/b><\/span><\/span><span style=\"color: #000000; font-family: Arial, sans-serif; font-size: small;\">Il aide le tr\u00e9sorier \u00e0 r\u00e9colter les adh\u00e9sions \u00e0 r\u00e9diger\u00a0le budget estim\u00e9 pour un \u00e9v\u00e9nement organis\u00e9 par l\u2019association et aide \u00e0 la gestion financi\u00e8re du compte de l\u2019association. Si le tr\u00e9sorier est absent pour des raisons justifi\u00e9es, le tr\u00e9sorier adjoint prend le r\u00f4le du tr\u00e9sorier jusqu\u2019\u00e0\u00a0son retour. <\/span><\/p>\n<p class=\"western\"><strong><span style=\"font-family: Arial, sans-serif;\"><span style=\"font-size: small;\"><u>ARTICLE 9 : Assembl\u00e9e g\u00e9n\u00e9rale<br \/>\n<\/u><\/span><\/span><\/strong><span style=\"font-family: Arial, sans-serif;\"><span style=\"font-size: small;\">L&#8217;assembl\u00e9e g\u00e9n\u00e9rale comprend tous les membres.<\/span><\/span><\/p>\n<p class=\"western\"><span style=\"font-family: Arial, sans-serif;\"><span style=\"font-size: small;\"><u><b>Elle se r\u00e9unit au moins deux fois par an et chaque fois qu&#8217;elle est convoqu\u00e9e par le Pr\u00e9sident ou par le conseil d\u2019administration ou sur la demande d&#8217;au moins la moiti\u00e9 des membres.<\/b><\/u><\/span><\/span><\/p>\n<p class=\"western\"><span style=\"color: #000000;\"><span style=\"font-family: Arial, sans-serif;\"><span style=\"font-size: small;\">L&#8217;ordre du jour est r\u00e9dig\u00e9 par le secr\u00e9taire g\u00e9n\u00e9ral.<\/span><\/span><\/span><\/p>\n<p class=\"western\"><span style=\"font-family: Arial, sans-serif;\"><span style=\"font-size: small;\">Le bureau de l&#8217;assembl\u00e9e g\u00e9n\u00e9rale est celui du conseil.<\/span><\/span><\/p>\n<p class=\"western\"><span style=\"font-family: Arial, sans-serif;\"><span style=\"font-size: small;\">Le Pr\u00e9sident pr\u00e9side, expose la situation morale de l&#8217;association et rend compte de l&#8217;activit\u00e9 de l&#8217;association. Le tr\u00e9sorier rend compte de sa gestion et soumet le bilan \u00e0 l&#8217;approbation de l&#8217;assembl\u00e9e g\u00e9n\u00e9rale.<\/span><\/span><\/p>\n<p class=\"western\"><strong><span style=\"font-family: Arial, sans-serif;\"><span style=\"font-size: small;\"><u>ARTICLE 10 : Dissolution<\/u><\/span><\/span><\/strong><\/p>\n<p class=\"western\"><span style=\"font-family: Arial, sans-serif;\"><span style=\"font-size: small;\">La dissolution de l&#8217;association ne peut \u00eatre prononc\u00e9e que par l&#8217;assembl\u00e9e g\u00e9n\u00e9rale extraordinaire, convoqu\u00e9e sp\u00e9cialement \u00e0 cet effet. <\/span><\/span><\/p>\n<p class=\"western\"><span style=\"font-family: Arial, sans-serif;\"><span style=\"font-size: small;\">L&#8217;assembl\u00e9e g\u00e9n\u00e9rale extraordinaire d\u00e9signe un ou plusieurs liquidateurs charg\u00e9s des op\u00e9rations de liquidation.<\/span><\/span><\/p>\n<p class=\"western\"><span style=\"font-family: Arial, sans-serif;\"><span style=\"font-size: small;\">Lors de la cl\u00f4ture de la liquidation, l&#8217;assembl\u00e9e g\u00e9n\u00e9rale extraordinaire se prononce sur la d\u00e9volution de l&#8217;actif net au profit des associations djiboutiennes d\u00e9clar\u00e9es se trouvant sur le territoire Fran\u00e7ais.<\/span><\/span><\/p>\n<p class=\"western\"><strong><span style=\"font-family: Arial, sans-serif;\"><span style=\"font-size: small;\"><u>ARTICLE 11 : Proc\u00e9dure d\u2019urgence<\/u><\/span><\/span><\/strong><\/p>\n<p class=\"western\"><span style=\"font-family: Arial, sans-serif;\"><span style=\"font-size: small;\"><u><b>a) En faveur d\u2019un membre de la communaut\u00e9 Adh\u00e9rent ou NON<br \/>\n<\/b><\/u><\/span><\/span><span style=\"color: #000000;\"><span style=\"font-family: Arial, sans-serif;\"><span style=\"font-size: small;\">Le pr\u00e9sident provoque une r\u00e9union du conseil d\u2019administration afin que soit prise une d\u00e9cision rapidement pour le soutien mat\u00e9riel et\/ou moral d\u2019un membre de la communaut\u00e9, qu\u2019il soit adh\u00e9rent ou non, se trouvant dans une situation d\u2019extr\u00eame urgence (ex\u00a0: maladie, d\u00e9c\u00e8s, d\u00e9marches urgentes).<\/span><\/span><\/span><\/p>\n<p class=\"western\"><span style=\"font-family: Arial, sans-serif;\"><span style=\"font-size: small;\">Exceptionnellement, si l\u2019urgence ne peut attendre la tenue d\u2019une r\u00e9union, il est possible de proc\u00e9der par \u00e9changes internet ou t\u00e9l\u00e9phonique pour prendre une d\u00e9cision dans la journ\u00e9e m\u00eame.<\/span><\/span><\/p>\n<p class=\"western\"><span style=\"color: #000000;\"><span style=\"font-family: Arial, sans-serif;\"><span style=\"font-size: small;\"><u><b>b) En faveur d\u2019un adh\u00e9rent <\/b><\/u><\/span><\/span><\/span><span style=\"color: #000000;\"><span style=\"font-family: Arial, sans-serif;\"><span style=\"font-size: small;\"><u><b>\u00e0 jour de sa cotisation<br \/>\n<\/b><\/u><\/span><\/span><\/span><span style=\"color: #000000;\"><span style=\"font-family: Arial, sans-serif;\"><span style=\"font-size: small;\">Il est pr\u00e9vu pour le d\u00e9c\u00e8s d\u2019un des proches de cet adh\u00e9rent <\/span><\/span><\/span><span style=\"color: #000000;\"><span style=\"font-family: Arial, sans-serif;\"><span style=\"font-size: small;\"><i><b>PARENTS \u00ab\u00a0p\u00e8re, m\u00e8re\u00a0\u00bb OU ENFANTS quelque soit le pays de r\u00e9sidence<\/b><\/i><\/span><\/span><\/span><span style=\"color: #000000;\"><span style=\"font-family: Arial, sans-serif;\"><span style=\"font-size: small;\">, le versement d\u2019une participation aux frais d\u2019obs\u00e8ques fix\u00e9 \u00e0 <\/span><\/span><\/span><span style=\"color: #000000;\"><span style=\"font-family: Arial, sans-serif;\"><span style=\"font-size: small;\"><b>\u20ac <\/b><\/span><\/span><\/span><span style=\"color: #000000;\"><span style=\"font-family: Arial, sans-serif;\"><span style=\"font-size: small;\"><i><b>300<\/b><\/i><\/span><\/span><\/span><span style=\"color: #000000;\"><span style=\"font-family: Arial, sans-serif;\"><span style=\"font-size: small;\">.<\/span><\/span><\/span><\/p>\n<p class=\"western\"><span style=\"font-family: Arial, sans-serif;\"><span style=\"font-size: small;\">Ces mesures sont bien \u00e9videmment consign\u00e9es et il en sera rendu compte aux membres de l\u2019association.<\/span><\/span><\/p>\n<p class=\"western\"><span style=\"font-family: Arial, sans-serif;\"><span style=\"font-size: small;\">Ce document relatif aux statuts de l&#8217;association ADjiP comporte 4 pages, ainsi que 11 articles.<\/span><\/span><\/p>\n<p class=\"western\"><span style=\"font-family: Arial, sans-serif;\"><span style=\"font-size: small;\"><b>\u00ab\u00a0Chaque membre de l\u2019association doit se conformer aux pr\u00e9sents statuts.\u00a0\u00bb<\/b><\/span><\/span><\/p>\n","protected":false},"excerpt":{"rendered":"<p>Date de d\u00e9claration : 11 Mai 1948 Date de modification des statuts : 26 Janvier 2019 ARTICLE 1\u00a0: Cr\u00e9ation-Nom-Si\u00e8ge-Dur\u00e9e Cr\u00e9ation : En 1948 a \u00e9t\u00e9 fond\u00e9e entre les adh\u00e9rents aux pr\u00e9sents statuts, et ceux qui y adh\u00e9reront ult\u00e9rieurement, une association&#8230;<\/p>\n","protected":false},"author":1,"featured_media":0,"parent":0,"menu_order":0,"comment_status":"closed","ping_status":"closed","template":"","meta":[],"_links":{"self":[{"href":"https:\/\/adjip-asso.fr\/msite\/index.php?rest_route=\/wp\/v2\/pages\/264"}],"collection":[{"href":"https:\/\/adjip-asso.fr\/msite\/index.php?rest_route=\/wp\/v2\/pages"}],"about":[{"href":"https:\/\/adjip-asso.fr\/msite\/index.php?rest_route=\/wp\/v2\/types\/page"}],"author":[{"embeddable":true,"href":"https:\/\/adjip-asso.fr\/msite\/index.php?rest_route=\/wp\/v2\/users\/1"}],"replies":[{"embeddable":true,"href":"https:\/\/adjip-asso.fr\/msite\/index.php?rest_route=%2Fwp%2Fv2%2Fcomments&post=264"}],"version-history":[{"count":10,"href":"https:\/\/adjip-asso.fr\/msite\/index.php?rest_route=\/wp\/v2\/pages\/264\/revisions"}],"predecessor-version":[{"id":1051,"href":"https:\/\/adjip-asso.fr\/msite\/index.php?rest_route=\/wp\/v2\/pages\/264\/revisions\/1051"}],"wp:attachment":[{"href":"https:\/\/adjip-asso.fr\/msite\/index.php?rest_route=%2Fwp%2Fv2%2Fmedia&parent=264"}],"curies":[{"name":"wp","href":"https:\/\/api.w.org\/{rel}","templated":true}]}}