{"id":661,"date":"2015-10-12T23:04:13","date_gmt":"2015-10-12T21:04:13","guid":{"rendered":"http:\/\/www.adjip-asso.fr\/msite\/?page_id=661"},"modified":"2015-10-12T23:17:29","modified_gmt":"2015-10-12T21:17:29","slug":"nos-amis","status":"publish","type":"page","link":"https:\/\/adjip-asso.fr\/msite\/?page_id=661","title":{"rendered":"Nos amis"},"content":{"rendered":"<p><img decoding=\"async\" loading=\"lazy\" src=\"http:\/\/www.adjip-asso.fr\/msite\/wp-content\/uploads\/2015\/10\/armenglobal-banner.jpg\" alt=\"our-friends_armenglobal-banner\" width=\"635\" height=\"200\" class=\"alignnone size-full wp-image-663 our-friends-banner\" srcset=\"https:\/\/adjip-asso.fr\/msite\/wp-content\/uploads\/2015\/10\/armenglobal-banner.jpg 635w, https:\/\/adjip-asso.fr\/msite\/wp-content\/uploads\/2015\/10\/armenglobal-banner-300x94.jpg 300w\" sizes=\"(max-width: 635px) 100vw, 635px\" \/><\/p>\n<div class=\"our-friends\">\n<p class=\"m-d-p\">Pour tous vos envois \u00e0 Djibouti nous vous invitons \u00e0 faire appel \u00e0 M Olivier TONGOURIAN, Membre de notre association et Pr\u00e9sident de la Soci\u00e9t\u00e9 ARMENGLOBAL, implant\u00e9e \u00e0 Marseille.<\/p>\n<ul>\n<li><strong>Adresse:<\/strong><br \/>\n16 bis rue Pierre LOTI,<br \/>\n13012 MARSEILLE, FRANCE<\/li>\n<li><strong>N\u00b0 Tel:<\/strong><br \/>\n+33 (0)4 91 24 84 24<\/li>\n<li><strong>Site:<\/strong><br \/>\n<a href=\"http:\/\/www.armenglobal.com\/\" target=\"_blank\">www.armenglobal.com<\/a><\/li>\n<\/ul>\n<p class=\"m-d-p\">Cette soci\u00e9t\u00e9 est sp\u00e9cialis\u00e9e dans l&#8217;affr\u00e8tement et l\u2019 organisation des transports de marchandises diverses, entre Marseille et Djibouti.<\/p>\n<p class=\"m-d-p\"><em>M. TONGOURIAN a un v\u00e9ritable savoir faire et une exp\u00e9rience reconnue \u00e0 Djibouti.<\/em><\/p>\n<\/div>\n","protected":false},"excerpt":{"rendered":"<p>Pour tous vos envois \u00e0 Djibouti nous vous invitons \u00e0 faire appel \u00e0 M Olivier TONGOURIAN, Membre de notre association et Pr\u00e9sident de la Soci\u00e9t\u00e9 ARMENGLOBAL, implant\u00e9e \u00e0 Marseille. Adresse: 16 bis rue Pierre LOTI, 13012 MARSEILLE, FRANCE N\u00b0 Tel:&#8230;<\/p>\n","protected":false},"author":1,"featured_media":0,"parent":0,"menu_order":0,"comment_status":"closed","ping_status":"closed","template":"","meta":[],"_links":{"self":[{"href":"https:\/\/adjip-asso.fr\/msite\/index.php?rest_route=\/wp\/v2\/pages\/661"}],"collection":[{"href":"https:\/\/adjip-asso.fr\/msite\/index.php?rest_route=\/wp\/v2\/pages"}],"about":[{"href":"https:\/\/adjip-asso.fr\/msite\/index.php?rest_route=\/wp\/v2\/types\/page"}],"author":[{"embeddable":true,"href":"https:\/\/adjip-asso.fr\/msite\/index.php?rest_route=\/wp\/v2\/users\/1"}],"replies":[{"embeddable":true,"href":"https:\/\/adjip-asso.fr\/msite\/index.php?rest_route=%2Fwp%2Fv2%2Fcomments&post=661"}],"version-history":[{"count":5,"href":"https:\/\/adjip-asso.fr\/msite\/index.php?rest_route=\/wp\/v2\/pages\/661\/revisions"}],"predecessor-version":[{"id":669,"href":"https:\/\/adjip-asso.fr\/msite\/index.php?rest_route=\/wp\/v2\/pages\/661\/revisions\/669"}],"wp:attachment":[{"href":"https:\/\/adjip-asso.fr\/msite\/index.php?rest_route=%2Fwp%2Fv2%2Fmedia&parent=661"}],"curies":[{"name":"wp","href":"https:\/\/api.w.org\/{rel}","templated":true}]}}