{"id":87,"date":"2015-04-09T17:15:34","date_gmt":"2015-04-09T15:15:34","guid":{"rendered":"http:\/\/www.adjip-asso.fr\/msite\/?page_id=87"},"modified":"2015-05-20T22:40:57","modified_gmt":"2015-05-20T20:40:57","slug":"djibouti-une-nation-carrefour","status":"publish","type":"page","link":"https:\/\/adjip-asso.fr\/msite\/?page_id=87","title":{"rendered":"Djibouti: une nation carrefour"},"content":{"rendered":"<div id=\"symple-tab-8277\" class=\"symple-tabs\"><ul class=\"ui-tabs-nav symple-clearfix\"><li><a href=\"#symple-tab-presentation\">Pr\u00e9sentation<\/a><\/li><li><a href=\"#symple-tab-regions\">R\u00e9gions<\/a><\/li><\/ul>\n<div id=\"symple-tab-presentation\" class=\"tab-content symple-clearfix \">\n<h3 lang=\"fr-FR\"><strong>Situation g\u00e9ographique:<\/strong><\/h3>\n<p lang=\"fr-FR\"><a href=\"http:\/\/www.adjip-asso.fr\/msite\/wp-content\/uploads\/2015\/04\/djib-geo.jpg\" data-lightbox=\"djib-geo\" data-title=\"Djibouti, Corne de l'Afrique\"><img decoding=\"async\" loading=\"lazy\" class=\"posts-header posts-thumbs-r  alignright wp-image-342 size-thumbnail\" src=\"http:\/\/www.adjip-asso.fr\/msite\/wp-content\/uploads\/2015\/04\/djib-geo-150x150.jpg\" alt=\"Djibouti, Corne de l'Afrique\" width=\"150\" height=\"150\" srcset=\"https:\/\/adjip-asso.fr\/msite\/wp-content\/uploads\/2015\/04\/djib-geo-150x150.jpg 150w, https:\/\/adjip-asso.fr\/msite\/wp-content\/uploads\/2015\/04\/djib-geo-70x70.jpg 70w\" sizes=\"(max-width: 150px) 100vw, 150px\" \/><\/a>Situ\u00e9 dans la Corne de l&#8217;Afrique, ce petit \u00c9tat d&#8217;Afrique de l&#8217;Est partage ses fronti\u00e8res avec l\u2019\u00c9rythr\u00e9e au Nord, l\u2019\u00c9thiopie \u00e0 l&#8217;ouest et au Sud et la Somalie au Sud-est. La r\u00e9publique de Djibouti est \u00e9galement bord\u00e9e par l&#8217;Oc\u00e9an indien sur 372 kms de c\u00f4tes, limit\u00e9e \u00e0 l&#8217;Est par le Golfe d&#8217;Aden, \u00e0 l&#8217;entr\u00e9e de la Mer Rouge.<\/p>\n<h3 lang=\"fr-FR\"><strong>Relief et climat:<\/strong><\/h3>\n<p lang=\"fr-FR\"><a href=\"http:\/\/www.adjip-asso.fr\/msite\/wp-content\/uploads\/2015\/04\/re_climat-2.jpg\" data-lightbox=\"rel_climat\"><img decoding=\"async\" loading=\"lazy\" class=\"posts-header posts-thumbs-r  alignright wp-image-351 size-thumbnail\" src=\"http:\/\/www.adjip-asso.fr\/msite\/wp-content\/uploads\/2015\/04\/re_climat-2-150x150.jpg\" alt=\"Relief Climat Djibouti\" width=\"150\" height=\"150\" srcset=\"https:\/\/adjip-asso.fr\/msite\/wp-content\/uploads\/2015\/04\/re_climat-2-150x150.jpg 150w, https:\/\/adjip-asso.fr\/msite\/wp-content\/uploads\/2015\/04\/re_climat-2-70x70.jpg 70w\" sizes=\"(max-width: 150px) 100vw, 150px\" \/><\/a>Le milieu naturel de Djibouti est assez difficile \u00e0 la fois par sa g\u00e9ographie et par son climat. Le relief est caract\u00e9ris\u00e9 au nord-est par une cha\u00eene montagneuse culminant \u00e0 2100m, par une vaste plaine de sable le long de la Mer Rouge, au Sud par des d\u00e9pressions s\u00e9par\u00e9es par des plateaux,et \u00e0 l\u2019Ouest du Golfe de Tadjourah par une zone volcanique, ce qui d\u2019ailleurs attire bon nombre de scientifiques. Toutefois, 90% du territoire est recouvert de d\u00e9serts.<\/p>\n<p lang=\"fr-FR\">La v\u00e9g\u00e9tation, clairsem\u00e9e, est principalement constitu\u00e9e d&#8217;arbustes avec une pr\u00e9dominance de buissons \u00e9pineux sauf \u00e0 Djibouti, dans les oueds et les massifs des Monts Goda et Mabla au Nord. Elle permet tout juste de nourrir les troupeaux (chameaux, bovins, ovins, caprins) des pasteurs nomades. La seule partie bois\u00e9e du territoire que l&#8217;on retrouve sous forme de palmeraies est situ\u00e9e dans la r\u00e9gion de Tadjourah.<a href=\"http:\/\/www.adjip-asso.fr\/msite\/wp-content\/uploads\/2015\/04\/re_climat-1.jpg\" data-lightbox=\"rel_climat\"><img decoding=\"async\" loading=\"lazy\" class=\"posts-header posts-thumbs-r wp-image-352 size-thumbnail alignright\" src=\"http:\/\/www.adjip-asso.fr\/msite\/wp-content\/uploads\/2015\/04\/re_climat-1-150x150.jpg\" alt=\"Relief Climat Djibouti\" width=\"150\" height=\"150\" srcset=\"https:\/\/adjip-asso.fr\/msite\/wp-content\/uploads\/2015\/04\/re_climat-1-150x150.jpg 150w, https:\/\/adjip-asso.fr\/msite\/wp-content\/uploads\/2015\/04\/re_climat-1-70x70.jpg 70w\" sizes=\"(max-width: 150px) 100vw, 150px\" \/><\/a><\/p>\n<p lang=\"fr-FR\">Le climat est semi-aride chaud avec des pluies tr\u00e8s irr\u00e9guli\u00e8res, parcimonieuses et impr\u00e9visibles. On peut distinguer deux saisons: une saison chaude, de mai \u00e0 septembre (35\u00a0\u00b0C environ) et une saison plus fra\u00eeche (25\u00a0\u00b0C environ) d&#8217;octobre \u00e0 avril.<\/p>\n<p lang=\"fr-FR\">Les habitants de Djibouti doivent donc composer avec des conditions naturelles peu favorables aux productions rurales, domin\u00e9es par l&#8217;\u00e9levage, les cultures se limitant \u00e0 un peu de mara\u00eechage. Cette situation rend ainsi le pays tr\u00e8s d\u00e9pendant \u00e0 l&#8217;importation.<\/p>\n<h3 lang=\"fr-FR\"><strong>Une capitale-\u00e9tat:<\/strong><\/h3>\n<p lang=\"fr-FR\"><a href=\"http:\/\/www.adjip-asso.fr\/msite\/wp-content\/uploads\/2015\/04\/djib_ville.jpg\" data-lightbox=\"djib_ville\" data-title=\"Centre ville de Djibouti\"><img decoding=\"async\" loading=\"lazy\" class=\"posts-header posts-thumbs-r alignright wp-image-361 size-thumbnail\" src=\"http:\/\/www.adjip-asso.fr\/msite\/wp-content\/uploads\/2015\/04\/djib_ville-150x150.jpg\" alt=\"djib_ville\" width=\"150\" height=\"150\" srcset=\"https:\/\/adjip-asso.fr\/msite\/wp-content\/uploads\/2015\/04\/djib_ville-150x150.jpg 150w, https:\/\/adjip-asso.fr\/msite\/wp-content\/uploads\/2015\/04\/djib_ville-70x70.jpg 70w\" sizes=\"(max-width: 150px) 100vw, 150px\" \/><\/a>La ville de Djibouti concentre la presque totalit\u00e9 de la vie \u00e9conomique et commerciale du pays. Avec ses 530 000 habitants elle y regroupe pr\u00e8s de 60% de la population, une population qui s\u2019est consid\u00e9rablement densifi\u00e9e avec le d\u00e9clin du nomadisme traditionnel, une forte d\u00e9mographie ainsi que l\u2019affluence de r\u00e9fugi\u00e9s essentiellement somaliens et \u00e9thiopiens. La force de Djibouti r\u00e9side avant tout dans son port qui fait b\u00e9n\u00e9ficier au pays d\u2019une position g\u00e9ographique et strat\u00e9gique ind\u00e9niable. Avec une \u00e9conomie bas\u00e9e sur les \u00e9changes et les activit\u00e9s de services, Djibouti se positionne comme une plaque tournante du trafic maritime et du commerce mondial. Le pays est divis\u00e9 en six r\u00e9gions: Ali Sabieh au Sud, Dikhil \u00e0 l\u2019Ouest,Tadjourah et Obock au Nord, Arta et enfin Djibouti.<\/p>\n<h3 lang=\"fr-FR\"><strong>Diversit\u00e9 culturelle:<\/strong><\/h3>\n<p lang=\"fr-FR\">Avec une population estim\u00e9e \u00e0 900 000 habitants, la R\u00e9publique de Djibouti est compos\u00e9e de deux tribus majoritaires dominantes, \u00e0 savoir les somalis concentr\u00e9s plut\u00f4t au Sud, et les afars au Nord et \u00e0 l&#8217;ouest. <a href=\"http:\/\/www.adjip-asso.fr\/msite\/wp-content\/uploads\/2014\/12\/dhaqan.jpg\" data-lightbox=\"djib_traditions\"><img decoding=\"async\" loading=\"lazy\" class=\"posts-header posts-thumbs-r alignright wp-image-125 size-thumbnail\" src=\"http:\/\/www.adjip-asso.fr\/msite\/wp-content\/uploads\/2014\/12\/dhaqan-150x150.jpg\" alt=\"traditions_djibouti\" width=\"150\" height=\"150\" srcset=\"https:\/\/adjip-asso.fr\/msite\/wp-content\/uploads\/2014\/12\/dhaqan-150x150.jpg 150w, https:\/\/adjip-asso.fr\/msite\/wp-content\/uploads\/2014\/12\/dhaqan-70x70.jpg 70w\" sizes=\"(max-width: 150px) 100vw, 150px\" \/><\/a>A cela s&#8217;ajoute les arabes originaires du Y\u00e9men ainsi qu&#8217;une population d&#8217;expatri\u00e9s Fran\u00e7ais, \u00c9thiopiens, Somaliens, Indiens, \u00c9tats-uniens ou encore plus r\u00e9cemment Japonais.<\/p>\n<p lang=\"fr-FR\">Les langues vernaculaires parl\u00e9es dans le pays sont le somali, l&#8217;afar tandis que les deux langues officielles sont le fran\u00e7ais et l&#8217;arabe. La population est musulmane \u00e0 95%.<\/p>\n<h3 lang=\"fr-FR\"><strong>Histoire de Djibouti:<\/strong><\/h3>\n<p lang=\"fr-FR\">Avant la colonisation par la France au 19eme si\u00e8cle, l&#8217;actuel territoire de la R\u00e9publique de Djibouti n&#8217;\u00e9tait peupl\u00e9 que par des pasteurs nomades Issas et Afars.<\/p>\n<p lang=\"fr-FR\">D\u00e8s 1839, des explorateurs fran\u00e7ais parcoururent la r\u00e9gion et la France s&#8217;y \u00e9tablit en 1862, par un trait\u00e9 avec le sultan de Tadjourah ce qui aboutit \u00e0 la cr\u00e9ation d&#8217;une colonie \u00e0 Obock, au Nord du territoire. En 1892, la capitale fut transf\u00e9r\u00e9e \u00e0 Djibouti et la possession fran\u00e7aise fut alors baptis\u00e9e &#8220;C\u00f4te Fran\u00e7aise des Somalis&#8221; \u00e0 la place de son ancienne d\u00e9nomination &#8220;Territoire d&#8217;Obock et D\u00e9pendances\u201d. En 1967, Djibouti changea encore de nom pour devenir le \u201cTerritoire Fran\u00e7ais des Afars et des Issas &#8220;.<\/p>\n<p>Ce n&#8217;est qu&#8217;en 1977, lors d&#8217;un r\u00e9f\u00e9rendum pour l&#8217;ind\u00e9pendance que le pays prendra son nom d\u00e9finitif, \u00e0 savoir la \u201cR\u00e9publique de Djibouti\u201d avec \u00e0 sa t\u00eate son premier pr\u00e9sident M. Hassan Gouled Aptidon (que Dieu lui accord une place au Paradis). L&#8217;actuel pr\u00e9sident de Djibouti est Ismael Omar Guelleh.<\/p>\n<\/div>\n<div id=\"imgPreLoad\" style=\"display: none;\"><img decoding=\"async\" src=\"wp-content\/themes\/wpex-freshandclean\/mycustoms\/djibmap\/map\/djibRegionsMap.jpg\" alt=\"none\" \/><img decoding=\"async\" src=\"wp-content\/themes\/wpex-freshandclean\/mycustoms\/djibmap\/map\/none.png\" alt=\"none\" \/><img decoding=\"async\" src=\"wp-content\/themes\/wpex-freshandclean\/mycustoms\/djibmap\/map\/obk.png\" alt=\"obk\" \/><img decoding=\"async\" src=\"wp-content\/themes\/wpex-freshandclean\/mycustoms\/djibmap\/map\/tadj.png\" alt=\"tadj\" \/><img decoding=\"async\" src=\"wp-content\/themes\/wpex-freshandclean\/mycustoms\/djibmap\/map\/dik.png\" alt=\"dik\" \/><img decoding=\"async\" src=\"wp-content\/themes\/wpex-freshandclean\/mycustoms\/djibmap\/map\/las.png\" alt=\"las\" \/><img decoding=\"async\" src=\"wp-content\/themes\/wpex-freshandclean\/mycustoms\/djibmap\/map\/lab.png\" alt=\"lab\" \/><img decoding=\"async\" src=\"wp-content\/themes\/wpex-freshandclean\/mycustoms\/djibmap\/map\/arta.png\" alt=\"arta\" \/><img decoding=\"async\" src=\"wp-content\/themes\/wpex-freshandclean\/mycustoms\/djibmap\/map\/aliSab.png\" alt=\"aliSab\" \/><img decoding=\"async\" src=\"wp-content\/themes\/wpex-freshandclean\/mycustoms\/djibmap\/map\/djib.png\" alt=\"djib\" \/><img decoding=\"async\" src=\"wp-content\/themes\/wpex-freshandclean\/mycustoms\/djibmap\/map\/ile.png\" alt=\"ile\" \/><\/div>\n<div id=\"symple-tab-regions\" class=\"tab-content symple-clearfix \">\n<div id=\"map-container\">\n<p class=\"note\"><strong>Passez la souris sur la carte et d\u00e9couvrez les r\u00e9gions de Djibouti en cliquant<\/strong><br \/>\n<img decoding=\"async\" id=\"djibReg\" src=\"wp-content\/themes\/wpex-freshandclean\/mycustoms\/djibmap\/map\/none.png\" alt=\"djibouti Regions\" usemap=\"#mapDjibReg\" \/><\/p>\n<map name=\"mapDjibReg\">\n<area id=\"obk\" coords=\"265,103,297,86,292,68,306,55,315,37,379,12,426,74,433,73,442,99,445,126,454,137,456,158,457,165, 456,187,445,205,431,206,424,212,393,216,368,240,362,237,347,209,330,179,315,161,293,141,273,122, 265,115,263,110\" shape=\"poly\" href=\"#\" data-image-name=\"obock\" data-region-name=\"Region d'Obock\" data-area=\"4,700(km\u00b2)\" data-populs=\"40,128\" data-capital-name=\"Obock\" data-tourism=\"4stars\" data-lang=\"Afar\" data-link-gal=\"obkGal\" data-his=\"La r\u00e9gion d\u2019Obock (Hayy\u00fa en afar) correspond \u00e0 24% de la superficie du territoire. La ville d\u2019Obock, ancienne capitale de Djibouti, est  une ville portuaire. Cette r\u00e9gion est caract\u00e9ris\u00e9e, entre autres,  par ses paysages naturels exceptionnels compos\u00e9s de mangroves, d\u2019un massif montagneux, des monts Mabla et de petites  \u00eeles volcaniques appel\u00e9es  \u00ab \u00eeles des Sept fr\u00e8res \u00bb situ\u00e9es au bord de la mer Rouge avec un fond marin riche en esp\u00e8ces terrestres et aquatiques.\" \/>\n<area id=\"tadj\" coords=\"200,62,256,108,257,118,287,145,310,165,332,196,354,233,358,241,365,246,352,250,335,252,327,260,316,258,280,268,273,275,271,286,261,297,258,308,250,315,240,315,230,313,219,309,209,312,192,303,198,294,193,283,183,277,175,278,175,287,159,275,140,254,120,231,82,224,110,186,116,173,142,136,158,123,165,102\" shape=\"poly\" href=\"#\" data-image-name=\"tadjourah\" data-region-name=\"Region de Tadjourah\" data-area=\"7,100(km\u00b2)\" data-populs=\"89,567\" data-capital-name=\"Tadjourah\" data-tourism=\"4stars\" data-lang=\"Afar\" data-link-gal=\"tadjGal\" data-his=\"Tag\u00f3rri, en afar Tadjourah est la plus ancienne ville du territoire Djiboutien. Elle a su conserver des \u00e9l\u00e9ments d\u2019un pass\u00e9 historique glorieux. Aussi appel\u00e9e la ville blanche au sept mosqu\u00e9es. \u00ab Ville blanche \u00bb d\u00fb \u00e0 ses maisons basses et d\u2019un blanc de chaux \u00e9clatant et parfaitement align\u00e9es. La r\u00e9gion poss\u00e8de un atout dans le domaine de tourisme et du commerce. Elle exporte le sel (l\u2019or blanc) issu du lac Assal, l\u2019une des rares ressources naturelles du pays.\" \/>\n<area id=\"las\" coords=\"190,300,198,296,193,285,185,280,176,280,177,293,179,302,188,308\" shape=\"poly\" href=\"#\" data-image-name=\"las\" data-region-name=\"Lac Assal\" data-area=\"54(km\u00b2)\" data-populs=\"N\/A\" data-capital-name=\"N\/A\" data-tourism=\"4stars\" data-lang=\"N\/A\" data-link-gal=\"lasGal\" data-his=\"Le lac Assal est un lieu unique au monde o\u00f9 se d\u00e9roule, sur plusieurs kilom\u00e8tres, une \u00e9clatante banquise de sel que parcourent encore quelques caravanes nomades. Situ\u00e9 \u00e0 une altitude de 153 m\u00e8tres en dessous du niveau de la mer, il est le point le plus bas du continent africain et son eau, extr\u00e8mement min\u00e9ralis\u00e9e, en fait un des lacs les plus sal\u00e9s au monde avec une teneur en sel qui d\u00e9passe celle de la Mer Morte.\" \/>\n<area id=\"dik\" coords=\"80,232,114,237,171,297,158,313,162,366,202,404,239,406,232,410,232,454,206,463,185,478,167,473,150,475,141,481,127,483,121,478,108,479,94,484,87,492,67,492,58,496,56,488,18,479,20,447,33,436,42,425,40,414,22,403,19,371,13,343,22,301,20,312,30,278,44,272,46,262,68,248\" shape=\"poly\" href=\"#\" data-image-name=\"dikhil\" data-region-name=\"Region de Dikhil\" data-area=\"7,200(km\u00b2)\" data-populs=\"90,023\" data-capital-name=\"Dikhil\" data-tourism=\"2stars\" data-lang=\"Afar-Somalie-Arabe\" data-link-gal=\"dikGal\" data-his=\"Appel\u00e9e aussi \u00ab la ville de l\u2019unit\u00e9 \u00bb. La r\u00e9gion de Dikhil occupe une position g\u00e9ographique charni\u00e8re sur l\u2019axe routier reliant Djibouti a\u0300 l\u2019Ethiopie.  La particularit\u00e9 de cette r\u00e9gion est qu\u2019elle associe les deux groupes ethniques majoritaires : Afar et Issa. On retrouve aussi le Lac Abb\u00e9, lieu tr\u00e8s pris\u00e9 des populations Afar, et o\u00f9 fut tourn\u00e9 le film de la plan\u00e8te des singes (premi\u00e8re version). Dikhil poss\u00e8de une palmeraie d\u2019origine tr\u00e8s ancienne contrast\u00e9e avec ses paysages d\u2019inspiration lunaire.\" \/>\n<area id=\"lab\" coords=\"23,403,36,415,44,424,33,432,31,441,20,447,22,404\" shape=\"poly\" href=\"#\" data-image-name=\"lab\" data-region-name=\"Lac Abhe\" data-area=\"320(km\u00b2)\" data-populs=\"N\/A\" data-capital-name=\"N\/A\" data-tourism=\"3stars\" data-lang=\"N\/A\" data-link-gal=\"labGal\" data-his=\"Le Lac Abb\u00e9 est un lac d'eau sal\u00e9e situ\u00e9 dans le pays Afar de Djibouti, \u00e0 la fronti\u00e8re entre l'Ethiopie et Djibouti. Tout comme le lac Assal, Il a la particularit\u00e9 d'\u00eatre un lac endor\u00e9ique : c'est \u00e0 dire qu'il n a aucun \u00e9coulement des eaux et que ses apports en eau ne sont perdus que par \u00e9vaporation.&lt;br&gt;&lt;br&gt;Le paysage du Lac Abb\u00e9 est compos\u00e9 de chemin\u00e9es qui s'\u00e9rigent sur des hauteurs parfois de plus de 50 m\u00e8tres et d'o\u00f9 s'\u00e9chappent du sol des fumerolles aux senteurs de soufre. De l\u00e0 vient son nom, 'Abb\u00e9' signifiant 'pourri'. Au coucher du soleil, ces chemin\u00e9es se d\u00e9coupent dans le ciel en \u00e9voquant des formes fantasmagoriques.&lt;br&gt;&lt;br&gt;Hormis les bergers Afars qui y font paitre leurs troupeaux de moutons, de ch\u00e8vres ou d'\u00e2nes, nous pouvons aussi y trouver des gazelles mais surtout d'importantes colonies de flamands roses.\" \/>\n<area id=\"alis\" coords=\" 239,413,273,396,307,378,321,350,345,347,369,345,388,354,400,361,390,380,376,405,361,428,349,442,339,460,330,474,317,477,304,478,290,475,279,453,262,456,246,447,236,450,236,428\" shape=\"poly\" href=\"#\" data-image-name=\"alisabieh\" data-region-name=\"Region d'Ali Sabieh\" data-area=\"2,400(km\u00b2)\" data-populs=\"94 459\" data-capital-name=\"Ali Sabieh\" data-tourism=\"2stars\" data-link-gal=\"alisGal\" data-lang=\"Somalie\" data-his=\"La r\u00e9gion d\u2019Ali-Sabieh, situ\u00e9e au sud-est de la R\u00e9publique de Djibouti, occupe une superficie de 2,400km\u00b2, avec une population estim\u00e9e \u00e0 94 459 habitants. La ville d\u2019 Ali-Sabieh est n\u00e9e de la construction du chemin de fer reliant Djibouti-Addis Abeba vers 1900. Les perspectives de d\u00e9veloppement de cette r\u00e9gion reposent sur les activit\u00e9s li\u00e9es au chemin de fer djibouto-\u00e9thiopien, l\u2019exploitation des mat\u00e9riaux de construction et le stockage des marchandises en transit vers l\u2019Ethiopie.\" \/>\n<area id=\"arta\" coords=\" 175,300,179,306,187,307,201,314,212,320,211,327,223,338,232,346,247,344,261,342,264,334,255,327,280,318,298,312,289,312,311,313,320,313,320,323,334,328,359,328,391,328,399,332,410,346,403,356,376,341,347,341,317,343,304,370,278,386,259,396,247,401,225,401,206,399,188,384,174,372,166,363,165,338,165,318,168,308\" shape=\"poly\" href=\"#\" data-image-name=\"arta\" data-region-name=\"Region d'Arta\" data-area=\"1,800(km\u00b2)\" data-populs=\"45,047\" data-capital-name=\"Arta\" data-tourism=\"2stars\" data-lang=\"Somalie\" data-link-gal=\"artaGal\" data-his=\"La r\u00e9gion d'Arta est une entit\u00e9 administrative situ\u00e9e au centre de la R\u00e9publique de Djibouti. Elle a \u00e9t\u00e9 cr\u00e9\u00e9e en 2002 par le regroupement de districts des r\u00e9gions de Dikhil et Djibouti ville. La r\u00e9gion dispose de nombreux volcans, d\u2019o\u00f9 la cr\u00e9ation en 1996 d\u2019une station g\u00e9oscope. Situ\u00e9e \u00e0 800m d\u2019altitude, les habitants de Djibouti-Ville appr\u00e9cient de s\u2019y rendre le week-end, afin de profiter de la fra\u00eecheur ainsi que la qui\u00e9tude.\" \/>\n<area id=\"dj\" coords=\" 388,323,369,324,353,324,337,323,325,322,326,311,335,311,346,314,358,313,369,314,375,311,378,305,383,313\" shape=\"poly\" href=\"#\" data-tourism=\"4stars\" data-image-name=\"djibouti\" data-region-name=\"Region de Djibouti\" data-area=\"630(km\u00b2)\" data-populs=\"567 000\" data-capital-name=\"Djibouti\" data-lang=\"Somalie-Afar-Arabe\" data-link-gal=\"djGal\" data-his=\"R\u00e9gion \u00e0 la crois\u00e9e des cultures et des nationalit\u00e9, Djibouti est d\u00e9finie comme une r\u00e9gion cosmopolite. Plusieurs nationalit\u00e9s africaines cohabitent, accueillant aussi les Indiens et les Europ\u00e9ens. Avec une superficie de 630km\u00b2, la ville de Djibouti est une des 6 divisions administratives r\u00e9gionales de la R\u00e9publique de Djibouti dont elle est la capitale. Sa population est d\u2019environ 567 000 habitants soit plus des deux tiers de la population totale du pays. Elle abrite les principales activit\u00e9s \u00e9conomiques et culturelles du pays. C\u2019est \u00e0 Djibouti-ville que s\u2019est d\u00e9velopp\u00e9 le Port Autonome International, ce qui a permis de propulser la capitale djiboutienne au rang de premier port du Nord-Est africain et a renforc\u00e9 sa position g\u00e9ostrat\u00e9gique.\" \/>\n<area id=\"ile\" coords=\"404,267,394,268,382,265,378,275,385,282,400,280,409,274\" shape=\"poly\" href=\"#\" data-image-name=\"ile\" data-region-name=\"\u00cele Moucha\" data-area=\"N\/A\" data-populs=\"N\/A\" data-capital-name=\"N\/A\" data-tourism=\"4stars\" data-lang=\"N\/A\" data-link-gal=\"ileGal\" data-his=\"L'\u00eele Moucha est une petite \u00eele \u00e0 l'entr\u00e9e du Golfe de Tadjourah, \u00e0 environ une heure de boutre de Djibouti. Connue pour ses lagons bleus et son r\u00e9cif coralien, l'\u00eele Moucha est la destination id\u00e9ale pour les amateurs de plong\u00e9e sous marine. Sous l'eau, on y d\u00e9couvre un magnifique fonds marin, peupl\u00e9 d'algues multicolores, de jardins de coraux ou bien de raies et de requins baleines.\" \/><\/map>\n<\/div>\n<div id=\"regions-details-container\"><a href=\"#\">Revenir a la Carte<\/a><label id=\"selectedReg\"><\/label><\/p>\n<div id=\"region-details\"><img decoding=\"async\" id=\"mapLoc\" src=\"wp-content\/themes\/wpex-freshandclean\/mycustoms\/djibmap\/map\/details\/zoomMap.jpg\" alt=\"region map\" \/><img decoding=\"async\" id=\"city\" src=\"wp-content\/themes\/wpex-freshandclean\/mycustoms\/djibmap\/map\/details\/dikhil-city.jpg\" alt=\"city picture\" \/><\/p>\n<ul id=\"reg-stats\">\n<li>Superficie:\n<p id=\"area\">\n<\/li>\n<li>Population:\n<p id=\"populs\">\n<\/li>\n<li>Capitale:\n<p id=\"capName\">\n<\/li>\n<li>Langue(s):\n<p id=\"Reg-lang\">\n<\/li>\n<li>Tourisme:<img decoding=\"async\" id=\"eVal\" src=\"wp-content\/themes\/wpex-freshandclean\/mycustoms\/djibmap\/map\/details\/4stars.jpg\" alt=\"fr\u00e9quabces tourisme\" \/><\/li>\n<\/ul>\n<p style=\"text-align: center;\"><img decoding=\"async\" src=\"wp-content\/themes\/wpex-freshandclean\/mycustoms\/djibmap\/map\/details\/hr.jpg\" alt=\"sep-bar\" \/><\/p>\n<ul id=\"reg-brief\">\n<li>\n<p id=\"brief\">Donec eleifend scelerisque vehicula. Vestibulum elementum nisi at lorem consectetur non blandit elit ornare. Nullam lacinia dolor nulla. Etiam sed mi at ipsum aliquam congue.<\/p>\n<\/li>\n<\/ul>\n<p><!--\n\t\n\n<li><label>Quelque photos:<\/label><\/li>\n\n\n--><\/p>\n<\/div>\n<\/div>\n<\/div>\n<\/div>\n","protected":false},"excerpt":{"rendered":"","protected":false},"author":1,"featured_media":0,"parent":0,"menu_order":0,"comment_status":"closed","ping_status":"closed","template":"","meta":[],"_links":{"self":[{"href":"https:\/\/adjip-asso.fr\/msite\/index.php?rest_route=\/wp\/v2\/pages\/87"}],"collection":[{"href":"https:\/\/adjip-asso.fr\/msite\/index.php?rest_route=\/wp\/v2\/pages"}],"about":[{"href":"https:\/\/adjip-asso.fr\/msite\/index.php?rest_route=\/wp\/v2\/types\/page"}],"author":[{"embeddable":true,"href":"https:\/\/adjip-asso.fr\/msite\/index.php?rest_route=\/wp\/v2\/users\/1"}],"replies":[{"embeddable":true,"href":"https:\/\/adjip-asso.fr\/msite\/index.php?rest_route=%2Fwp%2Fv2%2Fcomments&post=87"}],"version-history":[{"count":5,"href":"https:\/\/adjip-asso.fr\/msite\/index.php?rest_route=\/wp\/v2\/pages\/87\/revisions"}],"predecessor-version":[{"id":458,"href":"https:\/\/adjip-asso.fr\/msite\/index.php?rest_route=\/wp\/v2\/pages\/87\/revisions\/458"}],"wp:attachment":[{"href":"https:\/\/adjip-asso.fr\/msite\/index.php?rest_route=%2Fwp%2Fv2%2Fmedia&parent=87"}],"curies":[{"name":"wp","href":"https:\/\/api.w.org\/{rel}","templated":true}]}}